{"id":3892,"date":"2021-02-07T22:03:51","date_gmt":"2021-02-07T21:03:51","guid":{"rendered":"https:\/\/lz-heide.de\/?page_id=3892"},"modified":"2022-01-02T15:59:18","modified_gmt":"2022-01-02T14:59:18","slug":"abteilungen","status":"publish","type":"page","link":"https:\/\/lz-heide.de\/?page_id=3892","title":{"rendered":"Abteilungen"},"content":{"rendered":"\n<p>Erfahren Sie alles \u00fcber die Abteilungen des L\u00f6schzuges Heide. Angefangen von unseren j\u00fcngsten, der Jugendfeuerwehr, zu unseren aktivsten, der Einsatzabteilung, bis hin zu unseren erfahrenden Alters- &amp; Ehrenabteilung (inkl. Unterst\u00fctzungseinheit). Schauen Sie einfach vorbei, wir freuen uns auf Sie.<\/p>\n","protected":false},"excerpt":{"rendered":"<p>Erfahren Sie alles \u00fcber die Abteilungen des L\u00f6schzuges Heide. Angefangen von unseren j\u00fcngsten, der Jugendfeuerwehr, zu unseren aktivsten, der Einsatzabteilung, <a class=\"more-link\" href=\"https:\/\/lz-heide.de\/?page_id=3892\">Weiterlesen\u00a0\u2026<\/a><\/p>\n","protected":false},"author":1,"featured_media":100,"parent":0,"menu_order":0,"comment_status":"closed","ping_status":"closed","template":"","meta":{"footnotes":""},"class_list":["post-3892","page","type-page","status-publish","has-post-thumbnail","hentry"],"_links":{"self":[{"href":"https:\/\/lz-heide.de\/index.php?rest_route=\/wp\/v2\/pages\/3892","targetHints":{"allow":["GET"]}}],"collection":[{"href":"https:\/\/lz-heide.de\/index.php?rest_route=\/wp\/v2\/pages"}],"about":[{"href":"https:\/\/lz-heide.de\/index.php?rest_route=\/wp\/v2\/types\/page"}],"author":[{"embeddable":true,"href":"https:\/\/lz-heide.de\/index.php?rest_route=\/wp\/v2\/users\/1"}],"replies":[{"embeddable":true,"href":"https:\/\/lz-heide.de\/index.php?rest_route=%2Fwp%2Fv2%2Fcomments&post=3892"}],"version-history":[{"count":3,"href":"https:\/\/lz-heide.de\/index.php?rest_route=\/wp\/v2\/pages\/3892\/revisions"}],"predecessor-version":[{"id":3903,"href":"https:\/\/lz-heide.de\/index.php?rest_route=\/wp\/v2\/pages\/3892\/revisions\/3903"}],"wp:featuredmedia":[{"embeddable":true,"href":"https:\/\/lz-heide.de\/index.php?rest_route=\/wp\/v2\/media\/100"}],"wp:attachment":[{"href":"https:\/\/lz-heide.de\/index.php?rest_route=%2Fwp%2Fv2%2Fmedia&parent=3892"}],"curies":[{"name":"wp","href":"https:\/\/api.w.org\/{rel}","templated":true}]}}