{"id":3525,"date":"2018-06-07T12:19:14","date_gmt":"2018-06-07T11:19:14","guid":{"rendered":"http:\/\/lz-heide.de\/?page_id=3525"},"modified":"2025-03-06T12:19:58","modified_gmt":"2025-03-06T11:19:58","slug":"geschichte-lz-heide","status":"publish","type":"page","link":"https:\/\/lz-heide.de\/?page_id=3525","title":{"rendered":"Chronik LZ-Heide"},"content":{"rendered":"<p>Am 13. M\u00e4rz 1903 wurde der L\u00f6schzug Heide im Lokal Meier an der Bochumer Stra\u00dfe gegr\u00fcndet. Ein Blick zur\u00fcck lohnt sich also, denn damals sei dem Kommerzienrat Victor aufgefallen, dass der Wattenscheider Osten immer dichter besiedelt wurde, aber ausreichender Feuerschutz nicht vorhanden war. Ein eigener L\u00f6schzug musste her, zumal ein Betrieb besonders gef\u00e4hrdet schien: die Zeche Centrum.<\/p>\n<p>Die Gr\u00fcndungsmitglieder einigten sich auf den Betriebsleiter Tanzeglock als L\u00f6schzugf\u00fchrer. Da das Geld auch damals schon knapp war, half die Zeche direkt aus und sponserte Ger\u00e4tschaften wie den ersten Mannschaftswagen mit Pferdebespannung. Der L\u00f6schzug etablierte sich gemeinsam mit der Polizei dort, wo er heute noch beheimatet ist. 1905 folgte der erste Gro\u00dfeinsatz f\u00fcr die M\u00e4nner von Heide, die B\u00e4ckerei Oberste-Schemann brannte.<\/p>\n<p>Ab 1955 entwickelte sich die Einheit zw\u00f6lf dann rasant weiter: Kraftfahrzeuge ersetzten die Pferdewagen, statt Pickelhauben gab es nun Stahlhelme. Die Hornisten hatten auf einmal keine Arbeit mehr. Immer wieder wird in dieser Zeit auch das Ger\u00e4tehaus modernisiert.<\/p>\n<p>In den 1970er Jahren gab es gleich mehrere Gro\u00dfbr\u00e4nde zu bek\u00e4mpfen: 72 bei Steilmann an der Burgstra\u00dfe, 76 beim N\u00fcrnberger Bund an der Hansastra\u00dfe. Die Eins\u00e4tze gingen an die Substanz, verst\u00e4rkt wurde daraufhin der Fokus auf Ausbildung und Kooperation untern den Wehren gelegt.<\/p>\n<p>1984 t\u00e4tigte Oberb\u00fcrgermeister Heinz Eikelbeck den ersten Spatenstich zur Erweiterung des Ger\u00e4tehauses, ein Schulungs- und Aufenthaltsraum wurde erg\u00e4nzt. In den 1990er Jahren wurde der Fuhrpark wiederum erweitert. 1997 kam es zum wohl schlimmsten Einsatz der Einheitsgeschichte: Bei einem Brand in Hamme kamen acht Menschen ums Leben.<\/p>\n<p>Heute sind es noch 30 Aktive und neun Ehrenmitglieder, die zur Einheit geh\u00f6ren und die Aufgaben der Freiwilligen Feuerwehr vor Ort stemmen.<\/p>\n","protected":false},"excerpt":{"rendered":"<p>Am 13. M\u00e4rz 1903 wurde der L\u00f6schzug Heide im Lokal Meier an der Bochumer Stra\u00dfe gegr\u00fcndet. Ein Blick zur\u00fcck lohnt <a class=\"more-link\" href=\"https:\/\/lz-heide.de\/?page_id=3525\">Weiterlesen\u00a0\u2026<\/a><\/p>\n","protected":false},"author":1,"featured_media":3538,"parent":0,"menu_order":0,"comment_status":"closed","ping_status":"closed","template":"","meta":{"footnotes":""},"class_list":["post-3525","page","type-page","status-publish","has-post-thumbnail","hentry"],"_links":{"self":[{"href":"https:\/\/lz-heide.de\/index.php?rest_route=\/wp\/v2\/pages\/3525","targetHints":{"allow":["GET"]}}],"collection":[{"href":"https:\/\/lz-heide.de\/index.php?rest_route=\/wp\/v2\/pages"}],"about":[{"href":"https:\/\/lz-heide.de\/index.php?rest_route=\/wp\/v2\/types\/page"}],"author":[{"embeddable":true,"href":"https:\/\/lz-heide.de\/index.php?rest_route=\/wp\/v2\/users\/1"}],"replies":[{"embeddable":true,"href":"https:\/\/lz-heide.de\/index.php?rest_route=%2Fwp%2Fv2%2Fcomments&post=3525"}],"version-history":[{"count":5,"href":"https:\/\/lz-heide.de\/index.php?rest_route=\/wp\/v2\/pages\/3525\/revisions"}],"predecessor-version":[{"id":3580,"href":"https:\/\/lz-heide.de\/index.php?rest_route=\/wp\/v2\/pages\/3525\/revisions\/3580"}],"wp:featuredmedia":[{"embeddable":true,"href":"https:\/\/lz-heide.de\/index.php?rest_route=\/wp\/v2\/media\/3538"}],"wp:attachment":[{"href":"https:\/\/lz-heide.de\/index.php?rest_route=%2Fwp%2Fv2%2Fmedia&parent=3525"}],"curies":[{"name":"wp","href":"https:\/\/api.w.org\/{rel}","templated":true}]}}