{"id":20,"date":"2018-02-18T21:09:32","date_gmt":"2018-02-18T20:09:32","guid":{"rendered":"http:\/\/lz-heide.de\/?page_id=20"},"modified":"2023-03-13T07:12:14","modified_gmt":"2023-03-13T06:12:14","slug":"einsaetze","status":"publish","type":"page","link":"https:\/\/lz-heide.de\/?page_id=20","title":{"rendered":"Eins\u00e4tze"},"content":{"rendered":"<p><img loading=\"lazy\" decoding=\"async\" class=\"alignnone size-medium wp-image-100\" src=\"https:\/\/lz-heide.de\/wp-content\/uploads\/2018\/03\/header_1200_280-300x70.gif\" alt=\"\" width=\"300\" height=\"70\" srcset=\"https:\/\/lz-heide.de\/wp-content\/uploads\/2018\/03\/header_1200_280-300x70.gif 300w, https:\/\/lz-heide.de\/wp-content\/uploads\/2018\/03\/header_1200_280-768x179.gif 768w, https:\/\/lz-heide.de\/wp-content\/uploads\/2018\/03\/header_1200_280-1024x239.gif 1024w, https:\/\/lz-heide.de\/wp-content\/uploads\/2018\/03\/header_1200_280-1200x280.gif 1200w\" sizes=\"auto, (max-width: 300px) 100vw, 300px\" \/><\/p>\n<p>Hier finden Sie unsere letzten Eins\u00e4tze. Wir weisen Sie darauf hin, dass wir nur neutrale und entpersonalisierte Informationen ver\u00f6ffentlichen und die Privatsph\u00e4re aller Personen mit gr\u00f6\u00dfter M\u00f6glichkeit respektieren.<\/p>\n<p>Sonntag\u00a0 12.03.2023 22:14 \u00a0h<\/p>\n<p>08\/ 2023 <strong>B3 Zimmer -\/Wohnungsbrand ( Keine Personen in Gefahr )<\/strong><\/p>\n<p>12 LF10 1 \/ 12 LF20 1\u00a0 \u00a0 \u00a0 1\/1\/10<\/p>\n<p>Einsatzende : 22:59 h<\/p>\n<p><a href=\"https:\/\/www.facebook.com\/LoschzugHeide\">https:\/\/www.facebook.com\/LoschzugHeide<\/a><\/p>\n<p>Freitag 10.03.2023 20:40 h<\/p>\n<p>07\/ 2023 <strong>B2 Dachstuhl ( Keine Personen in Gefahr )<\/strong><\/p>\n<p>12 LF10 1 \/ 12 LF20 1\u00a0 \u00a0 \u00a0 1\/1\/10<\/p>\n<p>Einsatzende : 03:00 h<\/p>\n<p><a href=\"https:\/\/www.facebook.com\/LoschzugHeide\">https:\/\/www.facebook.com\/LoschzugHeide<\/a><\/p>\n","protected":false},"excerpt":{"rendered":"<p>Hier finden Sie unsere letzten Eins\u00e4tze. Wir weisen Sie darauf hin, dass wir nur neutrale und entpersonalisierte Informationen ver\u00f6ffentlichen und <a class=\"more-link\" href=\"https:\/\/lz-heide.de\/?page_id=20\">Weiterlesen\u00a0\u2026<\/a><\/p>\n","protected":false},"author":1,"featured_media":0,"parent":0,"menu_order":0,"comment_status":"closed","ping_status":"closed","template":"","meta":{"footnotes":""},"class_list":["post-20","page","type-page","status-publish","hentry"],"_links":{"self":[{"href":"https:\/\/lz-heide.de\/index.php?rest_route=\/wp\/v2\/pages\/20","targetHints":{"allow":["GET"]}}],"collection":[{"href":"https:\/\/lz-heide.de\/index.php?rest_route=\/wp\/v2\/pages"}],"about":[{"href":"https:\/\/lz-heide.de\/index.php?rest_route=\/wp\/v2\/types\/page"}],"author":[{"embeddable":true,"href":"https:\/\/lz-heide.de\/index.php?rest_route=\/wp\/v2\/users\/1"}],"replies":[{"embeddable":true,"href":"https:\/\/lz-heide.de\/index.php?rest_route=%2Fwp%2Fv2%2Fcomments&post=20"}],"version-history":[{"count":19,"href":"https:\/\/lz-heide.de\/index.php?rest_route=\/wp\/v2\/pages\/20\/revisions"}],"predecessor-version":[{"id":4230,"href":"https:\/\/lz-heide.de\/index.php?rest_route=\/wp\/v2\/pages\/20\/revisions\/4230"}],"wp:attachment":[{"href":"https:\/\/lz-heide.de\/index.php?rest_route=%2Fwp%2Fv2%2Fmedia&parent=20"}],"curies":[{"name":"wp","href":"https:\/\/api.w.org\/{rel}","templated":true}]}}