{"id":19,"date":"2018-02-18T21:09:32","date_gmt":"2018-02-18T20:09:32","guid":{"rendered":"http:\/\/lz-heide.de\/?page_id=19"},"modified":"2026-04-09T07:13:51","modified_gmt":"2026-04-09T06:13:51","slug":"kontakt","status":"publish","type":"page","link":"https:\/\/lz-heide.de\/?page_id=19","title":{"rendered":"Kontakt"},"content":{"rendered":"<p>Hier erfahren Sie, wie Sie mit dem L\u00f6schzug Heide Kontakt aufnehmen k\u00f6nnen. Schauen Sie einfach vorbei, wir freuen uns auf Sie.<\/p>\n<p>Der L\u00f6schzug besteht aus 25 (Stand 24.02.2020) aktiven Mitgliedern in der Einsatzabteilung. Neben der Einsatzabteilung gibt es noch unsere Jugendfeuergruppe und unsere Alters- &amp; Ehrenabteilung.<\/p>\n<p>Voraussetzung f\u00fcr die Aufnahme in die Einsatzabteilung ist in der Dienstvorschrift 37 \/ 14 der FF Bochum und im \u00a7 9 Abs 1 BHKG geregelt<\/p>\n<p>Der Anw\u00e4rter auf eine Mitgliedschaft sollte:<\/p>\n<ul>\n<li>Mindestens das 18. Lebensjahr vollendet haben<\/li>\n<li>Den Anforderungen des Feuerwehrdienstes K\u00f6rperlich und Geistig entsprechen<\/li>\n<li>Ein F\u00fchrungszeugnis gem\u00e4\u00df \u00a7 30 Bundeszentralregister ohne Eintr\u00e4ge vorweisen k\u00f6nnen.<\/li>\n<li>In der Probezeit ( 6 Monate ) nachweisen\n<ul>\n<li>Leitersteigen ( 4 teilige Steckleiter )<\/li>\n<li>Durchgang durch die Atemschutzstrecke (nur Maske)<\/li>\n<li>Regelm\u00e4\u00dfige Teilnahme am \u00dcbungsdienst<\/li>\n<\/ul>\n<\/li>\n<\/ul>\n<hr \/>\n<p>Unsere Kontaktpersonen Gesamt L\u00f6schzug Heide:<\/p>\n<hr \/>\n<p>Anschrift<\/p>\n<p>Freiwillige Feuerwehr Bochum &#8211; L\u00f6schzug Heide<br \/>\nBochumer Stra\u00dfe 69a<br \/>\n44866 Bochum<\/p>\n<p>Dienstabend:<\/p>\n<ul>\n<li>Einsatzabteilung, jeden Freitag von 19:00 bis 21:00 Uhr<\/li>\n<li>Jugendfeuerwehr, jeden zweiten Samstag<\/li>\n<\/ul>\n<p>T: <strong>+49 2327 9645863\u00a0<\/strong>( Freitags ab 18:00 h )E: LE12FFHeide@bochum.de<\/p>\n","protected":false},"excerpt":{"rendered":"<p>Hier erfahren Sie, wie Sie mit dem L\u00f6schzug Heide Kontakt aufnehmen k\u00f6nnen. Schauen Sie einfach vorbei, wir freuen uns auf <a class=\"more-link\" href=\"https:\/\/lz-heide.de\/?page_id=19\">Weiterlesen\u00a0\u2026<\/a><\/p>\n","protected":false},"author":1,"featured_media":3979,"parent":0,"menu_order":0,"comment_status":"closed","ping_status":"closed","template":"","meta":{"footnotes":""},"class_list":["post-19","page","type-page","status-publish","has-post-thumbnail","hentry"],"_links":{"self":[{"href":"https:\/\/lz-heide.de\/index.php?rest_route=\/wp\/v2\/pages\/19","targetHints":{"allow":["GET"]}}],"collection":[{"href":"https:\/\/lz-heide.de\/index.php?rest_route=\/wp\/v2\/pages"}],"about":[{"href":"https:\/\/lz-heide.de\/index.php?rest_route=\/wp\/v2\/types\/page"}],"author":[{"embeddable":true,"href":"https:\/\/lz-heide.de\/index.php?rest_route=\/wp\/v2\/users\/1"}],"replies":[{"embeddable":true,"href":"https:\/\/lz-heide.de\/index.php?rest_route=%2Fwp%2Fv2%2Fcomments&post=19"}],"version-history":[{"count":20,"href":"https:\/\/lz-heide.de\/index.php?rest_route=\/wp\/v2\/pages\/19\/revisions"}],"predecessor-version":[{"id":4528,"href":"https:\/\/lz-heide.de\/index.php?rest_route=\/wp\/v2\/pages\/19\/revisions\/4528"}],"wp:featuredmedia":[{"embeddable":true,"href":"https:\/\/lz-heide.de\/index.php?rest_route=\/wp\/v2\/media\/3979"}],"wp:attachment":[{"href":"https:\/\/lz-heide.de\/index.php?rest_route=%2Fwp%2Fv2%2Fmedia&parent=19"}],"curies":[{"name":"wp","href":"https:\/\/api.w.org\/{rel}","templated":true}]}}