{"id":17,"date":"2018-02-18T21:09:32","date_gmt":"2018-02-18T20:09:32","guid":{"rendered":"http:\/\/lz-heide.de\/?page_id=17"},"modified":"2026-04-09T07:16:20","modified_gmt":"2026-04-09T06:16:20","slug":"mannschaft","status":"publish","type":"page","link":"https:\/\/lz-heide.de\/?page_id=17","title":{"rendered":"Einsatzabteilung"},"content":{"rendered":"<p>Erfahren Sie alles \u00fcber die Einsatzabteilung des L\u00f6schzug Heide, angefangen vom der L\u00f6schzugf\u00fchrung bis zum Anw\u00e4rterIn. Schauen Sie einfach vorbei, wir freuen uns auf Sie.<\/p>\n<hr \/>\n<p><strong>L\u00f6schzugf\u00fchrung (m\/w\/d)<br \/><\/strong><\/p>\n<p><img loading=\"lazy\" decoding=\"async\" class=\"alignnone size-full wp-image-3860\" src=\"https:\/\/lz-heide.de\/wp-content\/uploads\/2018\/06\/portrait_dummy_men_400.jpg\" alt=\"\" width=\"289\" height=\"400\" srcset=\"https:\/\/lz-heide.de\/wp-content\/uploads\/2018\/06\/portrait_dummy_men_400.jpg 289w, https:\/\/lz-heide.de\/wp-content\/uploads\/2018\/06\/portrait_dummy_men_400-217x300.jpg 217w\" sizes=\"auto, (max-width: 289px) 100vw, 289px\" \/><img loading=\"lazy\" decoding=\"async\" class=\"alignnone size-full wp-image-3860\" src=\"https:\/\/lz-heide.de\/wp-content\/uploads\/2018\/06\/portrait_dummy_men_400.jpg\" alt=\"\" width=\"289\" height=\"400\" srcset=\"https:\/\/lz-heide.de\/wp-content\/uploads\/2018\/06\/portrait_dummy_men_400.jpg 289w, https:\/\/lz-heide.de\/wp-content\/uploads\/2018\/06\/portrait_dummy_men_400-217x300.jpg 217w\" sizes=\"auto, (max-width: 289px) 100vw, 289px\" \/><\/p>\n<p>BI Sebastian Struck\u00a0 \u00a0 \u00a0 \u00a0 \u00a0 \u00a0 \u00a0 \u00a0 \u00a0 \u00a0 \u00a0 \u00a0 \u00a0 \u00a0 \u00a0 \u00a0 HBM Thomas Labuske<\/p>\n<hr \/>\n<p><strong>Gruppenf\u00fchrerIn (m\/w\/d)<br \/><\/strong><\/p>\n<p><img loading=\"lazy\" decoding=\"async\" class=\"alignnone wp-image-3860\" src=\"https:\/\/lz-heide.de\/wp-content\/uploads\/2018\/06\/portrait_dummy_men_400.jpg\" alt=\"\" width=\"217\" height=\"300\" srcset=\"https:\/\/lz-heide.de\/wp-content\/uploads\/2018\/06\/portrait_dummy_men_400.jpg 289w, https:\/\/lz-heide.de\/wp-content\/uploads\/2018\/06\/portrait_dummy_men_400-217x300.jpg 217w\" sizes=\"auto, (max-width: 217px) 100vw, 217px\" \/><img loading=\"lazy\" decoding=\"async\" class=\"alignnone wp-image-3860\" src=\"https:\/\/lz-heide.de\/wp-content\/uploads\/2018\/06\/portrait_dummy_men_400.jpg\" alt=\"\" width=\"217\" height=\"300\" srcset=\"https:\/\/lz-heide.de\/wp-content\/uploads\/2018\/06\/portrait_dummy_men_400.jpg 289w, https:\/\/lz-heide.de\/wp-content\/uploads\/2018\/06\/portrait_dummy_men_400-217x300.jpg 217w\" sizes=\"auto, (max-width: 217px) 100vw, 217px\" \/><img loading=\"lazy\" decoding=\"async\" class=\"alignnone wp-image-3860\" src=\"https:\/\/lz-heide.de\/wp-content\/uploads\/2018\/06\/portrait_dummy_men_400.jpg\" alt=\"\" width=\"217\" height=\"300\" srcset=\"https:\/\/lz-heide.de\/wp-content\/uploads\/2018\/06\/portrait_dummy_men_400.jpg 289w, https:\/\/lz-heide.de\/wp-content\/uploads\/2018\/06\/portrait_dummy_men_400-217x300.jpg 217w\" sizes=\"auto, (max-width: 217px) 100vw, 217px\" \/><\/p>\n<p>\u00a0 \u00a0 \u00a0 \u00a0 \u00a0 \u00a0 \u00a0 \u00a0 \u00a0 \u00a0 \u00a0 \u00a0 \u00a0 \u00a0 \u00a0 \u00a0 \u00a0 \u00a0 \u00a0 \u00a0 \u00a0 \u00a0 \u00a0 \u00a0 \u00a0 BOI Stefan Sackers\u00a0 \u00a0 \u00a0 \u00a0 \u00a0 \u00a0 \u00a0 \u00a0 \u00a0 \u00a0BM Jan Zimmer<\/p>\n<p><img loading=\"lazy\" decoding=\"async\" class=\"alignnone wp-image-3860\" src=\"https:\/\/lz-heide.de\/wp-content\/uploads\/2018\/06\/portrait_dummy_men_400.jpg\" alt=\"\" width=\"217\" height=\"300\" srcset=\"https:\/\/lz-heide.de\/wp-content\/uploads\/2018\/06\/portrait_dummy_men_400.jpg 289w, https:\/\/lz-heide.de\/wp-content\/uploads\/2018\/06\/portrait_dummy_men_400-217x300.jpg 217w\" sizes=\"auto, (max-width: 217px) 100vw, 217px\" \/><img loading=\"lazy\" decoding=\"async\" class=\"alignnone wp-image-3860\" src=\"https:\/\/lz-heide.de\/wp-content\/uploads\/2018\/06\/portrait_dummy_men_400.jpg\" alt=\"\" width=\"217\" height=\"300\" srcset=\"https:\/\/lz-heide.de\/wp-content\/uploads\/2018\/06\/portrait_dummy_men_400.jpg 289w, https:\/\/lz-heide.de\/wp-content\/uploads\/2018\/06\/portrait_dummy_men_400-217x300.jpg 217w\" sizes=\"auto, (max-width: 217px) 100vw, 217px\" \/><img loading=\"lazy\" decoding=\"async\" class=\"alignnone wp-image-3860\" src=\"https:\/\/lz-heide.de\/wp-content\/uploads\/2018\/06\/portrait_dummy_men_400.jpg\" alt=\"\" width=\"217\" height=\"300\" srcset=\"https:\/\/lz-heide.de\/wp-content\/uploads\/2018\/06\/portrait_dummy_men_400.jpg 289w, https:\/\/lz-heide.de\/wp-content\/uploads\/2018\/06\/portrait_dummy_men_400-217x300.jpg 217w\" sizes=\"auto, (max-width: 217px) 100vw, 217px\" \/><\/p>\n<p>BI K. Konietzko\u00a0 \u00a0 \u00a0 \u00a0 \u00a0 \u00a0 \u00a0 \u00a0 \u00a0 \u00a0 \u00a0 \u00a0 \u00a0HBM M.D\u00f6rfel\u00a0 \u00a0 \u00a0 \u00a0 \u00a0 \u00a0 \u00a0 \u00a0 \u00a0 \u00a0 \u00a0 \u00a0 \u00a0 \u00a0 BI Klaus Ha\u00dfelberg<\/p>\n<p><img loading=\"lazy\" decoding=\"async\" class=\"alignnone wp-image-3860\" src=\"https:\/\/lz-heide.de\/wp-content\/uploads\/2018\/06\/portrait_dummy_men_400.jpg\" alt=\"\" width=\"217\" height=\"300\" srcset=\"https:\/\/lz-heide.de\/wp-content\/uploads\/2018\/06\/portrait_dummy_men_400.jpg 289w, https:\/\/lz-heide.de\/wp-content\/uploads\/2018\/06\/portrait_dummy_men_400-217x300.jpg 217w\" sizes=\"auto, (max-width: 217px) 100vw, 217px\" \/><\/p>\n<p>BM D.Struck<\/p>\n<hr \/>\n<p><strong>Truppf\u00fchrerIn (m\/w\/d)<br \/><\/strong><\/p>\n<p><img loading=\"lazy\" decoding=\"async\" class=\"alignnone wp-image-3861\" src=\"https:\/\/lz-heide.de\/wp-content\/uploads\/2018\/06\/portrait_dummy_women_400.jpg\" alt=\"\" width=\"217\" height=\"300\" srcset=\"https:\/\/lz-heide.de\/wp-content\/uploads\/2018\/06\/portrait_dummy_women_400.jpg 289w, https:\/\/lz-heide.de\/wp-content\/uploads\/2018\/06\/portrait_dummy_women_400-217x300.jpg 217w\" sizes=\"auto, (max-width: 217px) 100vw, 217px\" \/><img loading=\"lazy\" decoding=\"async\" class=\"alignnone wp-image-3860\" src=\"https:\/\/lz-heide.de\/wp-content\/uploads\/2018\/06\/portrait_dummy_men_400.jpg\" alt=\"S.Struck\" width=\"217\" height=\"300\" srcset=\"https:\/\/lz-heide.de\/wp-content\/uploads\/2018\/06\/portrait_dummy_men_400.jpg 289w, https:\/\/lz-heide.de\/wp-content\/uploads\/2018\/06\/portrait_dummy_men_400-217x300.jpg 217w\" sizes=\"auto, (max-width: 217px) 100vw, 217px\" \/><img loading=\"lazy\" decoding=\"async\" class=\"alignnone wp-image-3860\" src=\"https:\/\/lz-heide.de\/wp-content\/uploads\/2018\/06\/portrait_dummy_men_400.jpg\" alt=\"\" width=\"217\" height=\"300\" srcset=\"https:\/\/lz-heide.de\/wp-content\/uploads\/2018\/06\/portrait_dummy_men_400.jpg 289w, https:\/\/lz-heide.de\/wp-content\/uploads\/2018\/06\/portrait_dummy_men_400-217x300.jpg 217w\" sizes=\"auto, (max-width: 217px) 100vw, 217px\" \/><\/p>\n<p>UBM R.Borrmann\u00a0 \u00a0 \u00a0 \u00a0 \u00a0 \u00a0 \u00a0 \u00a0 \u00a0 \u00a0 \u00a0 \u00a0UBM Jan Zimmer\u00a0 \u00a0 \u00a0 \u00a0 \u00a0 \u00a0 \u00a0 \u00a0 \u00a0 \u00a0 UBM S.Borrmann<\/p>\n<p><img loading=\"lazy\" decoding=\"async\" class=\"alignnone wp-image-3860\" src=\"https:\/\/lz-heide.de\/wp-content\/uploads\/2018\/06\/portrait_dummy_men_400.jpg\" alt=\"\" width=\"217\" height=\"300\" srcset=\"https:\/\/lz-heide.de\/wp-content\/uploads\/2018\/06\/portrait_dummy_men_400.jpg 289w, https:\/\/lz-heide.de\/wp-content\/uploads\/2018\/06\/portrait_dummy_men_400-217x300.jpg 217w\" sizes=\"auto, (max-width: 217px) 100vw, 217px\" \/><img loading=\"lazy\" decoding=\"async\" class=\"alignnone wp-image-3860\" src=\"https:\/\/lz-heide.de\/wp-content\/uploads\/2018\/06\/portrait_dummy_men_400.jpg\" alt=\"\" width=\"217\" height=\"300\" srcset=\"https:\/\/lz-heide.de\/wp-content\/uploads\/2018\/06\/portrait_dummy_men_400.jpg 289w, https:\/\/lz-heide.de\/wp-content\/uploads\/2018\/06\/portrait_dummy_men_400-217x300.jpg 217w\" sizes=\"auto, (max-width: 217px) 100vw, 217px\" \/><img loading=\"lazy\" decoding=\"async\" class=\"alignnone wp-image-3860\" src=\"https:\/\/lz-heide.de\/wp-content\/uploads\/2018\/06\/portrait_dummy_men_400.jpg\" alt=\"\" width=\"217\" height=\"300\" srcset=\"https:\/\/lz-heide.de\/wp-content\/uploads\/2018\/06\/portrait_dummy_men_400.jpg 289w, https:\/\/lz-heide.de\/wp-content\/uploads\/2018\/06\/portrait_dummy_men_400-217x300.jpg 217w\" sizes=\"auto, (max-width: 217px) 100vw, 217px\" \/><\/p>\n<p>UBM F.St\u00f6pel<\/p>\n<hr \/>\n<p><strong>Truppmann (m\/w\/d)<br \/><\/strong><\/p>\n<p><img loading=\"lazy\" decoding=\"async\" class=\"alignnone wp-image-3861\" src=\"https:\/\/lz-heide.de\/wp-content\/uploads\/2018\/06\/portrait_dummy_women_400.jpg\" alt=\"\" width=\"217\" height=\"300\" srcset=\"https:\/\/lz-heide.de\/wp-content\/uploads\/2018\/06\/portrait_dummy_women_400.jpg 289w, https:\/\/lz-heide.de\/wp-content\/uploads\/2018\/06\/portrait_dummy_women_400-217x300.jpg 217w\" sizes=\"auto, (max-width: 217px) 100vw, 217px\" \/><img loading=\"lazy\" decoding=\"async\" class=\"alignnone wp-image-3861\" src=\"https:\/\/lz-heide.de\/wp-content\/uploads\/2018\/06\/portrait_dummy_women_400.jpg\" alt=\"\" width=\"217\" height=\"300\" srcset=\"https:\/\/lz-heide.de\/wp-content\/uploads\/2018\/06\/portrait_dummy_women_400.jpg 289w, https:\/\/lz-heide.de\/wp-content\/uploads\/2018\/06\/portrait_dummy_women_400-217x300.jpg 217w\" sizes=\"auto, (max-width: 217px) 100vw, 217px\" \/><img loading=\"lazy\" decoding=\"async\" class=\"alignnone wp-image-3860\" src=\"https:\/\/lz-heide.de\/wp-content\/uploads\/2018\/06\/portrait_dummy_men_400.jpg\" alt=\"\" width=\"217\" height=\"300\" srcset=\"https:\/\/lz-heide.de\/wp-content\/uploads\/2018\/06\/portrait_dummy_men_400.jpg 289w, https:\/\/lz-heide.de\/wp-content\/uploads\/2018\/06\/portrait_dummy_men_400-217x300.jpg 217w\" sizes=\"auto, (max-width: 217px) 100vw, 217px\" \/><\/p>\n<p>FM(SB) Ch.Feldhaus\u00a0 \u00a0 \u00a0 \u00a0 \u00a0 \u00a0 \u00a0 \u00a0HFM(SB) A.Todorski<\/p>\n<p><img loading=\"lazy\" decoding=\"async\" class=\"alignnone wp-image-3860\" src=\"https:\/\/lz-heide.de\/wp-content\/uploads\/2018\/06\/portrait_dummy_men_400.jpg\" alt=\"\" width=\"217\" height=\"300\" srcset=\"https:\/\/lz-heide.de\/wp-content\/uploads\/2018\/06\/portrait_dummy_men_400.jpg 289w, https:\/\/lz-heide.de\/wp-content\/uploads\/2018\/06\/portrait_dummy_men_400-217x300.jpg 217w\" sizes=\"auto, (max-width: 217px) 100vw, 217px\" \/><img loading=\"lazy\" decoding=\"async\" class=\"alignnone wp-image-3860\" src=\"https:\/\/lz-heide.de\/wp-content\/uploads\/2018\/06\/portrait_dummy_men_400.jpg\" alt=\"\" width=\"217\" height=\"300\" srcset=\"https:\/\/lz-heide.de\/wp-content\/uploads\/2018\/06\/portrait_dummy_men_400.jpg 289w, https:\/\/lz-heide.de\/wp-content\/uploads\/2018\/06\/portrait_dummy_men_400-217x300.jpg 217w\" sizes=\"auto, (max-width: 217px) 100vw, 217px\" \/><img loading=\"lazy\" decoding=\"async\" class=\"alignnone wp-image-3860\" src=\"https:\/\/lz-heide.de\/wp-content\/uploads\/2018\/06\/portrait_dummy_men_400.jpg\" alt=\"\" width=\"217\" height=\"300\" srcset=\"https:\/\/lz-heide.de\/wp-content\/uploads\/2018\/06\/portrait_dummy_men_400.jpg 289w, https:\/\/lz-heide.de\/wp-content\/uploads\/2018\/06\/portrait_dummy_men_400-217x300.jpg 217w\" sizes=\"auto, (max-width: 217px) 100vw, 217px\" \/><\/p>\n<p>OFM(SB) M.Mohrenz\u00a0 \u00a0 \u00a0 \u00a0 \u00a0 \u00a0 \u00a0 \u00a0 \u00a0HFM(SB) B.Dahlbeck\u00a0 \u00a0 \u00a0 \u00a0 \u00a0 \u00a0 \u00a0 HFM(SB) B.L\u00e4ssig<\/p>\n<p><img loading=\"lazy\" decoding=\"async\" class=\"alignnone wp-image-3860\" src=\"https:\/\/lz-heide.de\/wp-content\/uploads\/2018\/06\/portrait_dummy_men_400.jpg\" alt=\"\" width=\"217\" height=\"300\" srcset=\"https:\/\/lz-heide.de\/wp-content\/uploads\/2018\/06\/portrait_dummy_men_400.jpg 289w, https:\/\/lz-heide.de\/wp-content\/uploads\/2018\/06\/portrait_dummy_men_400-217x300.jpg 217w\" sizes=\"auto, (max-width: 217px) 100vw, 217px\" \/><img loading=\"lazy\" decoding=\"async\" class=\"alignnone wp-image-3860\" src=\"https:\/\/lz-heide.de\/wp-content\/uploads\/2018\/06\/portrait_dummy_men_400.jpg\" alt=\"\" width=\"217\" height=\"300\" srcset=\"https:\/\/lz-heide.de\/wp-content\/uploads\/2018\/06\/portrait_dummy_men_400.jpg 289w, https:\/\/lz-heide.de\/wp-content\/uploads\/2018\/06\/portrait_dummy_men_400-217x300.jpg 217w\" sizes=\"auto, (max-width: 217px) 100vw, 217px\" \/><img loading=\"lazy\" decoding=\"async\" class=\"alignnone wp-image-3860\" src=\"https:\/\/lz-heide.de\/wp-content\/uploads\/2018\/06\/portrait_dummy_men_400.jpg\" alt=\"\" width=\"217\" height=\"300\" srcset=\"https:\/\/lz-heide.de\/wp-content\/uploads\/2018\/06\/portrait_dummy_men_400.jpg 289w, https:\/\/lz-heide.de\/wp-content\/uploads\/2018\/06\/portrait_dummy_men_400-217x300.jpg 217w\" sizes=\"auto, (max-width: 217px) 100vw, 217px\" \/><\/p>\n<p>OFM(SB) R.Faust\u00a0 \u00a0 \u00a0 \u00a0 \u00a0 \u00a0 \u00a0 \u00a0 \u00a0 \u00a0 \u00a0 \u00a0 \u00a0FM(SB) R.Oppenberg<\/p>\n<p><img loading=\"lazy\" decoding=\"async\" class=\"alignnone wp-image-3860\" src=\"https:\/\/lz-heide.de\/wp-content\/uploads\/2018\/06\/portrait_dummy_men_400.jpg\" alt=\"\" width=\"217\" height=\"300\" srcset=\"https:\/\/lz-heide.de\/wp-content\/uploads\/2018\/06\/portrait_dummy_men_400.jpg 289w, https:\/\/lz-heide.de\/wp-content\/uploads\/2018\/06\/portrait_dummy_men_400-217x300.jpg 217w\" sizes=\"auto, (max-width: 217px) 100vw, 217px\" \/> <img loading=\"lazy\" decoding=\"async\" class=\"alignnone wp-image-3860\" src=\"https:\/\/lz-heide.de\/wp-content\/uploads\/2018\/06\/portrait_dummy_men_400.jpg\" alt=\"\" width=\"217\" height=\"300\" srcset=\"https:\/\/lz-heide.de\/wp-content\/uploads\/2018\/06\/portrait_dummy_men_400.jpg 289w, https:\/\/lz-heide.de\/wp-content\/uploads\/2018\/06\/portrait_dummy_men_400-217x300.jpg 217w\" sizes=\"auto, (max-width: 217px) 100vw, 217px\" \/><img loading=\"lazy\" decoding=\"async\" class=\"alignnone wp-image-3860\" src=\"https:\/\/lz-heide.de\/wp-content\/uploads\/2018\/06\/portrait_dummy_men_400.jpg\" alt=\"\" width=\"217\" height=\"300\" srcset=\"https:\/\/lz-heide.de\/wp-content\/uploads\/2018\/06\/portrait_dummy_men_400.jpg 289w, https:\/\/lz-heide.de\/wp-content\/uploads\/2018\/06\/portrait_dummy_men_400-217x300.jpg 217w\" sizes=\"auto, (max-width: 217px) 100vw, 217px\" \/><\/p>\n<p>FM(SB) K.Thom\u00a0 \u00a0 \u00a0 \u00a0 \u00a0 \u00a0 \u00a0 \u00a0 \u00a0 \u00a0 \u00a0 \u00a0 \u00a0OFM(SB) A.Lubos<\/p>\n<hr \/>\n<p><strong>Anw\u00e4rterIn (m\/w\/d)<br \/><\/strong><\/p>\n<p><img loading=\"lazy\" decoding=\"async\" class=\"alignnone wp-image-3860\" src=\"https:\/\/lz-heide.de\/wp-content\/uploads\/2018\/06\/portrait_dummy_men_400.jpg\" alt=\"\" width=\"217\" height=\"300\" srcset=\"https:\/\/lz-heide.de\/wp-content\/uploads\/2018\/06\/portrait_dummy_men_400.jpg 289w, https:\/\/lz-heide.de\/wp-content\/uploads\/2018\/06\/portrait_dummy_men_400-217x300.jpg 217w\" sizes=\"auto, (max-width: 217px) 100vw, 217px\" \/><img loading=\"lazy\" decoding=\"async\" class=\"alignnone wp-image-3860\" src=\"https:\/\/lz-heide.de\/wp-content\/uploads\/2018\/06\/portrait_dummy_men_400.jpg\" alt=\"\" width=\"217\" height=\"300\" srcset=\"https:\/\/lz-heide.de\/wp-content\/uploads\/2018\/06\/portrait_dummy_men_400.jpg 289w, https:\/\/lz-heide.de\/wp-content\/uploads\/2018\/06\/portrait_dummy_men_400-217x300.jpg 217w\" sizes=\"auto, (max-width: 217px) 100vw, 217px\" \/><img loading=\"lazy\" decoding=\"async\" class=\"alignnone wp-image-3861\" src=\"https:\/\/lz-heide.de\/wp-content\/uploads\/2018\/06\/portrait_dummy_women_400.jpg\" alt=\"\" width=\"217\" height=\"300\" srcset=\"https:\/\/lz-heide.de\/wp-content\/uploads\/2018\/06\/portrait_dummy_women_400.jpg 289w, https:\/\/lz-heide.de\/wp-content\/uploads\/2018\/06\/portrait_dummy_women_400-217x300.jpg 217w\" sizes=\"auto, (max-width: 217px) 100vw, 217px\" \/><\/p>\n<p>J.Jockey\u00a0 \u00a0 \u00a0 \u00a0 \u00a0 \u00a0 \u00a0 \u00a0 \u00a0 \u00a0 \u00a0 \u00a0 \u00a0 \u00a0 \u00a0 \u00a0 \u00a0 \u00a0 \u00a0 N.Thom\u00a0 \u00a0 \u00a0 \u00a0 \u00a0 \u00a0 \u00a0 \u00a0 \u00a0 \u00a0 \u00a0 \u00a0 \u00a0 \u00a0 \u00a0 \u00a0 \u00a0 \u00a0 \u00a0P.Flucks<\/p>\n<p><img loading=\"lazy\" decoding=\"async\" class=\"alignnone wp-image-3860\" src=\"https:\/\/lz-heide.de\/wp-content\/uploads\/2018\/06\/portrait_dummy_men_400.jpg\" alt=\"\" width=\"217\" height=\"300\" srcset=\"https:\/\/lz-heide.de\/wp-content\/uploads\/2018\/06\/portrait_dummy_men_400.jpg 289w, https:\/\/lz-heide.de\/wp-content\/uploads\/2018\/06\/portrait_dummy_men_400-217x300.jpg 217w\" sizes=\"auto, (max-width: 217px) 100vw, 217px\" \/><img loading=\"lazy\" decoding=\"async\" class=\"alignnone wp-image-3861\" src=\"https:\/\/lz-heide.de\/wp-content\/uploads\/2018\/06\/portrait_dummy_women_400.jpg\" alt=\"\" width=\"217\" height=\"300\" srcset=\"https:\/\/lz-heide.de\/wp-content\/uploads\/2018\/06\/portrait_dummy_women_400.jpg 289w, https:\/\/lz-heide.de\/wp-content\/uploads\/2018\/06\/portrait_dummy_women_400-217x300.jpg 217w\" sizes=\"auto, (max-width: 217px) 100vw, 217px\" \/><img loading=\"lazy\" decoding=\"async\" class=\"alignnone wp-image-3860\" src=\"https:\/\/lz-heide.de\/wp-content\/uploads\/2018\/06\/portrait_dummy_men_400.jpg\" alt=\"\" width=\"217\" height=\"300\" srcset=\"https:\/\/lz-heide.de\/wp-content\/uploads\/2018\/06\/portrait_dummy_men_400.jpg 289w, https:\/\/lz-heide.de\/wp-content\/uploads\/2018\/06\/portrait_dummy_men_400-217x300.jpg 217w\" sizes=\"auto, (max-width: 217px) 100vw, 217px\" \/><\/p>\n<p>D. Pappert\u00a0 \u00a0 \u00a0 \u00a0 \u00a0 \u00a0 \u00a0 \u00a0 \u00a0 \u00a0 \u00a0 \u00a0 \u00a0 \u00a0 \u00a0 \u00a0 B.Ellerbrock\u00a0 \u00a0 \u00a0 \u00a0 \u00a0 \u00a0 \u00a0 \u00a0 \u00a0 \u00a0 \u00a0 \u00a0 \u00a0 \u00a0 \u00a0J.L\u00fcttschwager ( 17+)<\/p>\n\n\n<p><\/p>\n\n\n\n<figure class=\"wp-block-image size-full is-resized\"><img loading=\"lazy\" decoding=\"async\" width=\"289\" height=\"400\" src=\"https:\/\/lz-heide.de\/wp-content\/uploads\/2025\/02\/image.png\" alt=\"\" class=\"wp-image-4407\" style=\"width:219px;height:auto\" srcset=\"https:\/\/lz-heide.de\/wp-content\/uploads\/2025\/02\/image.png 289w, https:\/\/lz-heide.de\/wp-content\/uploads\/2025\/02\/image-217x300.png 217w\" sizes=\"auto, (max-width: 289px) 100vw, 289px\" \/><\/figure>\n\n\n\n<p>S.Kutzeck ( 17 + )<\/p>\n\n\n\n<p><\/p>\n","protected":false},"excerpt":{"rendered":"<p>Erfahren Sie alles \u00fcber die Einsatzabteilung des L\u00f6schzug Heide, angefangen vom der L\u00f6schzugf\u00fchrung bis zum Anw\u00e4rterIn. Schauen Sie einfach vorbei, <a class=\"more-link\" href=\"https:\/\/lz-heide.de\/?page_id=17\">Weiterlesen\u00a0\u2026<\/a><\/p>\n","protected":false},"author":1,"featured_media":3518,"parent":3892,"menu_order":0,"comment_status":"closed","ping_status":"closed","template":"","meta":{"footnotes":""},"class_list":["post-17","page","type-page","status-publish","has-post-thumbnail","hentry"],"_links":{"self":[{"href":"https:\/\/lz-heide.de\/index.php?rest_route=\/wp\/v2\/pages\/17","targetHints":{"allow":["GET"]}}],"collection":[{"href":"https:\/\/lz-heide.de\/index.php?rest_route=\/wp\/v2\/pages"}],"about":[{"href":"https:\/\/lz-heide.de\/index.php?rest_route=\/wp\/v2\/types\/page"}],"author":[{"embeddable":true,"href":"https:\/\/lz-heide.de\/index.php?rest_route=\/wp\/v2\/users\/1"}],"replies":[{"embeddable":true,"href":"https:\/\/lz-heide.de\/index.php?rest_route=%2Fwp%2Fv2%2Fcomments&post=17"}],"version-history":[{"count":64,"href":"https:\/\/lz-heide.de\/index.php?rest_route=\/wp\/v2\/pages\/17\/revisions"}],"predecessor-version":[{"id":4530,"href":"https:\/\/lz-heide.de\/index.php?rest_route=\/wp\/v2\/pages\/17\/revisions\/4530"}],"up":[{"embeddable":true,"href":"https:\/\/lz-heide.de\/index.php?rest_route=\/wp\/v2\/pages\/3892"}],"wp:featuredmedia":[{"embeddable":true,"href":"https:\/\/lz-heide.de\/index.php?rest_route=\/wp\/v2\/media\/3518"}],"wp:attachment":[{"href":"https:\/\/lz-heide.de\/index.php?rest_route=%2Fwp%2Fv2%2Fmedia&parent=17"}],"curies":[{"name":"wp","href":"https:\/\/api.w.org\/{rel}","templated":true}]}}